{"id":4059,"date":"2022-12-07T21:22:47","date_gmt":"2022-12-07T18:22:47","guid":{"rendered":"https:\/\/implant.md\/?page_id=4059"},"modified":"2022-12-10T00:02:46","modified_gmt":"2022-12-09T21:02:46","slug":"despre-noi","status":"publish","type":"page","link":"https:\/\/implant.md\/ro\/despre-noi\/","title":{"rendered":"Despre noi"},"content":{"rendered":"<p>[vc_row][vc_column][vc_empty_space height=&#8221;75px&#8221;]<h2 class=\"sc_title sc_title_regular sc_align_center margin_bottom_null\" style=\"text-align:center;\">Clinica de implantologie modern\u0103<\/h2>[vc_custom_heading text=&#8221;Metode inovatoare \u0219i protocoale de tratament&#8221; font_container=&#8221;tag:h6|font_size:14px|text_align:center&#8221; google_fonts=&#8221;font_family:Merriweather%3A300%2C300italic%2Cregular%2Citalic%2C700%2C700italic%2C900%2C900italic|font_style:400%20regular%3A400%3Anormal&#8221; css=&#8221;.vc_custom_1670437417218{margin-bottom: 0px !important;}&#8221;]<div class=\"columns_wrap sc_columns columns_nofluid autoheight sc_columns_count_2\"><div class=\"column-1_2 sc_column_item sc_column_item_1 odd first\" style=\"text-align:center;\"><div class=\"sc_column_item_inner bgimage_column\" style=\"background-image:url(https:\/\/implant.md\/wp-content\/uploads\/2022\/12\/mainpage-1.jpg);background-repeat:no-repeat;background-size: contain;\"><\/div><\/div><div class=\"column-1_2 sc_column_item sc_column_item_2 even\">[vc_empty_space height=&#8221;50px&#8221;][vc_column_text]Clinica implant.md din Chi\u0219in\u0103u \u0219i B\u0103l\u021bi realizeaz\u0103 implanturi dentare folosind produsele produc\u0103torilor de top din lume: SUA, Israel, Germania, Coreea de Sud, Elve\u021bia.[\/vc_column_text][vc_empty_space height=&#8221;25px&#8221;]<div id=\"sc_services_840175843_wrap\" class=\"sc_services_wrap\"><div id=\"sc_services_840175843\" class=\"sc_services sc_services_style_services-3 sc_services_type_icons  margin_top_null margin_bottom_null\" style=\"width:100%;\">\t\t<div id=\"sc_services_840175843_1\"\t\t\tclass=\"sc_services_item sc_services_item_1 odd first\"\n\t\t\t>\n\t\t\t<span class=\"sc_icon icon-medic-10\"><\/span>\t\t\t<div class=\"sc_services_item_content\">\n\t\t\t\t<h4 class=\"sc_services_item_title\">Calificare \u00eenalt\u0103<\/h4>\n\t\t\t\t<div class=\"sc_services_item_description\">\n\t\t\t\t\t<p>Certificate de la cei mai renumiti lectori internationali<\/p>\t\t\t\t<\/div>\n\t\t\t<\/div>\n\t\t<\/div>\n\t\t\t\t<div id=\"sc_services_840175843_2\"\t\t\tclass=\"sc_services_item sc_services_item_2 even\"\n\t\t\t>\n\t\t\t<span class=\"sc_icon icon-medic-17\"><\/span>\t\t\t<div class=\"sc_services_item_content\">\n\t\t\t\t<h4 class=\"sc_services_item_title\">Profesionalism<\/h4>\n\t\t\t\t<div class=\"sc_services_item_description\">\n\t\t\t\t\t<p>Cresterea nivelului profesional<\/p>\t\t\t\t<\/div>\n\t\t\t<\/div>\n\t\t<\/div>\n\t\t<\/div><!-- \/.sc_services --><\/div><!-- \/.sc_services_wrap -->[vc_empty_space height=&#8221;15px&#8221;]<\/div><\/div>[vc_row_inner css=&#8221;.vc_custom_1670428115616{margin-bottom: 40px !important;padding-top: 20px !important;padding-bottom: 20px !important;}&#8221;][vc_column_inner width=&#8221;1\/6&#8243;][\/vc_column_inner][vc_column_inner width=&#8221;2\/3&#8243;][vc_column_text]<\/p>\n<h2 style=\"text-align: center;\">Principiul clinicii noastre este<br \/>\nclient mereu mul\u021bumit<\/h2>\n<p>Pentru a ob\u021bine rezultate \u00eenalte, folosim tehnologii avansate din domeniul tomografiei digitale cu suport aparatelor CareStream \u0219i Prime Scan pentru 3D modelarea ghiduilor chirurgicale a sabloanelor si constructiile temporare si permanente.<\/p>\n<p>Aparatele cu care lucram sunt aduse din Germania, Austria, Japonia si SUA.<\/p>\n<p>Datorit\u0103 imaginii digitale, medicul stabile\u0219te imediat protocolul de tratament si modele de implanturi care trebuie de inserat. Pacientul \u00eensu\u0219i alege produc\u0103torul &#8211; Straumann (Elve\u021bia), Megagen (Coreea), AlphaBio (Israel).<\/p>\n<h3 style=\"text-align: center;\">Pacien\u021bii f\u0103r\u0103 din\u021bi nu ne p\u0103r\u0103sesc \ud83d\ude01<\/h3>\n<p>\u00cen doar 3 ore, un dinte temporar este realizat din compozit, modelat dup\u0103 un model virtual 3D individual. Dup\u0103 4-6 luni, v\u0103 vom instala constructie definitiva \u00een locul celei din compozit temporare.[\/vc_column_text][\/vc_column_inner][vc_column_inner width=&#8221;1\/6&#8243;][\/vc_column_inner][\/vc_row_inner][\/vc_column][\/vc_row][vc_row full_width=&#8221;stretch_row_content_no_spaces&#8221;][vc_column]<div id=\"sc_call_to_action_1391107920\" class=\"sc_call_to_action sc_call_to_action_accented sc_call_to_action_style_1 sc_call_to_action_align_center\" style=\"width:100%;\"><div class=\"sc_call_to_action_info\"><h3 class=\"sc_call_to_action_title sc_item_title\">Clinica de implantologie modern\u0103<\/h3><div class=\"sc_call_to_action_descr sc_item_descr\">\u00censcrie\u021bi-v\u0103 pentru o consulta\u021bie la telefon: +373 682 22 530<\/div><div class=\"sc_call_to_action_buttons sc_item_buttons\"><div class=\"sc_call_to_action_button sc_item_button\"><a href=\"\/ro\/contacte\/\" class=\"sc_button sc_button_square sc_button_style_filled sc_button_size_medium\">CONTACTE<\/a><\/div><\/div><\/div><\/div>[\/vc_column][\/vc_row][vc_row][vc_column][vc_empty_space height=&#8221;45px&#8221;][vc_column_text]<\/p>\n<h3 style=\"text-align: center;\">Recenzii ale clien\u021bilor no\u0219tri pe Google<\/h3>\n<p style=\"text-align: center;\"> <\/p>\n<p>[\/vc_column_text][vc_empty_space height=&#8221;55px&#8221;][\/vc_column][\/vc_row][vc_row full_width=&#8221;stretch_row_content_no_spaces&#8221; disable_element=&#8221;yes&#8221; css=&#8221;.vc_custom_1670418911854{background-color: #fdfdfd !important;}&#8221;][vc_column]<div class=\"columns_wrap sc_columns columns_nofluid sc_columns_count_2\"><div class=\"column-1_2 sc_column_item sc_column_item_1 pr15i odd first\"><video class=\"sc_video\" src=\"https:\/\/implant.md\/wp-content\/uploads\/2016\/01\/very_slim_beautiful_nurse.mp4\" width=\"100%\" height=\"\" data-width=\"100%\" data-height=\"\" data-ratio=\"16:9\" poster=\"https:\/\/implant.md\/wp-content\/uploads\/2016\/01\/info-block-3.jpg\" data-image=\"https:\/\/implant.md\/wp-content\/uploads\/2016\/01\/info-block-3.jpg\" data-class=\"w_half_full_content \" style=\"width:100%;\" autoplay=\"autoplay\" controls=\"controls\" loop=\"loop\"><\/video><\/div><div class=\"column-1_2 sc_column_item sc_column_item_2 pl15i even\">[vc_empty_space height=&#8221;30px&#8221;]<h3 class=\"sc_title sc_title_regular spec_h margin_top_huge\">Your comfort is our priority<\/h3><h6 class=\"sc_title sc_title_regular margin_top_null\" style=\"color:#49bae1;font-weight:600;font-size:11px;\">OUR COMPANY VIDEO PRESENTATION<\/h6>[vc_column_text css=&#8221;.vc_custom_1458639909295{padding-right: 30px !important;}&#8221;]Dentures actually improve our smiles and overall apperance. Not only they<br \/>\nmake us look better, but also make our life easier. Enjoy simple things as food,<br \/>\nconversation and smile. Forget about uncomfortable social encounters.[\/vc_column_text]<a href=\"\/our-services\/\" class=\"sc_button sc_button_square sc_button_style_filled sc_button_size_medium margin_top_small margin_bottom_small\" style=\"color:#ffffff;background-color:#a5c422; border-color:#a5c422;\">More Information<\/a><\/div><\/div>[\/vc_column][\/vc_row]<\/p>\n","protected":false},"excerpt":{"rendered":"<p>[vc_row][vc_column][vc_empty_space height=&#8221;75px&#8221;][vc_custom_heading text=&#8221;Metode inovatoare \u0219i protocoale de tratament&#8221; font_container=&#8221;tag:h6|font_size:14px|text_align:center&#8221; google_fonts=&#8221;font_family:Merriweather%3A300%2C300italic%2Cregular%2Citalic%2C700%2C700italic%2C900%2C900italic|font_style:400%20regular%3A400%3Anormal&#8221; css=&#8221;.vc_custom_1670437417218{margin-bottom: 0px !important;}&#8221;][vc_row_inner css=&#8221;.vc_custom_1670428115616{margin-bottom: 40px !important;padding-top: 20px !important;padding-bottom: 20px !important;}&#8221;][vc_column_inner width=&#8221;1\/6&#8243;][\/vc_column_inner][vc_column_inner width=&#8221;2\/3&#8243;][vc_column_text] Principiul clinicii noastre este client mereu mul\u021bumit Pentru a ob\u021bine rezultate \u00eenalte, folosim tehnologii avansate din domeniul tomografiei digitale cu suport aparatelor CareStream \u0219i Prime Scan pentru 3D modelarea ghiduilor chirurgicale a sabloanelor [&hellip;]<\/p>\n","protected":false},"author":1,"featured_media":0,"parent":0,"menu_order":0,"comment_status":"closed","ping_status":"closed","template":"","meta":{"footnotes":""},"class_list":["post-4059","page","type-page","status-publish","hentry"],"aioseo_notices":[],"_links":{"self":[{"href":"https:\/\/implant.md\/ro\/wp-json\/wp\/v2\/pages\/4059","targetHints":{"allow":["GET"]}}],"collection":[{"href":"https:\/\/implant.md\/ro\/wp-json\/wp\/v2\/pages"}],"about":[{"href":"https:\/\/implant.md\/ro\/wp-json\/wp\/v2\/types\/page"}],"author":[{"embeddable":true,"href":"https:\/\/implant.md\/ro\/wp-json\/wp\/v2\/users\/1"}],"replies":[{"embeddable":true,"href":"https:\/\/implant.md\/ro\/wp-json\/wp\/v2\/comments?post=4059"}],"version-history":[{"count":10,"href":"https:\/\/implant.md\/ro\/wp-json\/wp\/v2\/pages\/4059\/revisions"}],"predecessor-version":[{"id":4147,"href":"https:\/\/implant.md\/ro\/wp-json\/wp\/v2\/pages\/4059\/revisions\/4147"}],"wp:attachment":[{"href":"https:\/\/implant.md\/ro\/wp-json\/wp\/v2\/media?parent=4059"}],"curies":[{"name":"wp","href":"https:\/\/api.w.org\/{rel}","templated":true}]}}